{"id":3,"date":"2024-04-16T17:30:26","date_gmt":"2024-04-16T17:30:26","guid":{"rendered":"http:\/\/villamahor.com\/?page_id=3"},"modified":"2024-07-23T08:28:12","modified_gmt":"2024-07-23T08:28:12","slug":"privacidad","status":"publish","type":"page","link":"https:\/\/villamahor.com\/it\/privacy\/","title":{"rendered":"Informativa sulla privacy"},"content":{"rendered":"<p>A Villamahor prendiamo molto sul serio la protezione dei dati degli utenti del nostro sito web www.villamahor.com e per questo motivo desideriamo che leggiate la nostra politica sulla privacy prima di lasciare i vostri dati in uno dei nostri moduli.<\/p>\n\n\n\n<p><strong>Regolamenti legali a cui questo sito web \u00e8 soggetto<\/strong><\/p>\n\n\n\n<p>Villamahor ha adattato il sito web www.villamahor.com ai requisiti della Legge Organica 15\/1999, del 13 dicembre, sulla Protezione dei Dati Personali (LOPD), e del Decreto Reale 1720\/2007, del 21 dicembre, noto come Regolamento per lo sviluppo della LOPD. \u00c8 inoltre conforme al Regolamento (UE) 2016\/679 del Parlamento europeo e del Consiglio, del 27 aprile 2016, sulla protezione dei dati personali (RGPD), nonch\u00e9 alla Legge 34\/2002, dell'11 luglio, sui servizi della societ\u00e0 dell'informazione e il commercio elettronico (LSSICE o LSSI).<\/p>\n\n\n\n<p><strong>Minori<\/strong><\/p>\n\n\n\n<p>Nel caso di bambini di et\u00e0 inferiore ai tredici anni, per il trattamento dei loro dati personali \u00e8 necessario il consenso dei genitori o di chi ne fa le veci.<\/p>\n\n\n\n<p>In nessun caso verranno raccolti dal minore dati relativi alla situazione professionale o finanziaria o alla vita privata di altri membri della famiglia senza il suo consenso.<\/p>\n\n\n\n<p>Se avete meno di tredici anni e siete entrati in questo sito senza informare i vostri genitori, non dovete registrarvi come utenti.<\/p>\n\n\n\n<p><strong>Alcuni principi da conoscere:<\/strong><\/p>\n\n\n\n<p>In Villamahor.es il rispetto e la protezione dei dati personali degli utenti sono una priorit\u00e0. In qualit\u00e0 di utenti, dovete sapere che i vostri diritti sono garantiti su questo sito web.<\/p>\n\n\n\n<p>Abbiamo cercato di creare uno spazio sicuro e protetto e vogliamo condividere con voi i nostri principi in materia di privacy:<\/p>\n\n\n\n<p>&nbsp; &nbsp; - Non chiediamo mai informazioni personali a meno che non siano realmente necessarie per fornirvi i servizi che mi richiedete.<\/p>\n\n\n\n<p>&nbsp; &nbsp; - Non condividiamo mai le informazioni personali dei nostri utenti con nessuno, se non per ottemperare alla legge o con il vostro esplicito consenso.<\/p>\n\n\n\n<p>&nbsp; &nbsp; - Non utilizziamo mai i vostri dati personali per scopi diversi da quelli espressi nella presente informativa sulla privacy.<\/p>\n\n\n\n<p>La presente Informativa sulla privacy pu\u00f2 variare a seconda dei requisiti legislativi o di autoregolamentazione, pertanto si consiglia agli utenti di consultarla periodicamente. Sar\u00e0 applicabile nel caso in cui gli utenti decidano di compilare uno dei moduli di contatto in cui vengono raccolti dati personali.<\/p>\n\n\n\n<p><strong>1. Responsabile del trattamento dei vostri dati personali<\/strong><\/p>\n\n\n\n<p>Identit\u00e0: Antonio Abengozar Delgado e David Rubio Biosca (di seguito \"Villamahor\")&nbsp;<\/p>\n\n\n\n<p>NIF: 01925954S \/ 53418215W<\/p>\n\n\n\n<p>Indirizzo postale: Calle Higuereta, 49 35660 La Oliva. Las Palmas<\/p>\n\n\n\n<p>Contatto del responsabile della protezione dei dati: reservas@villamahor.com<\/p>\n\n\n\n<p>Villamahor, in qualit\u00e0 di responsabile del sito web www.villamahor.com, in conformit\u00e0 alle disposizioni del Regolamento (UE) 2016\/679, del 27 aprile, relativo alla protezione delle persone fisiche con riguardo al trattamento dei dati personali (di seguito, \"RGPD\"), e della Legge 34\/2002, dell'11 luglio, sui servizi della societ\u00e0 dell'informazione e del commercio elettronico (LSSICE), informa che ha implementato le misure di sicurezza necessarie, di natura tecnica e organizzativa, per garantire e proteggere la riservatezza, l'integrit\u00e0 e la disponibilit\u00e0 dei dati inseriti.<\/p>\n\n\n\n<p><strong>2. Finalit\u00e0 del trattamento dei vostri dati personali<\/strong><\/p>\n\n\n\n<p>I vostri dati personali saranno utilizzati solo per i seguenti scopi:<\/p>\n\n\n\n<p>&nbsp; &nbsp; - Per gestire l'invio di informazioni sui prodotti e servizi di Villamahor e per conoscere la vostra opinione sulle informazioni che vi abbiamo fornito.<\/p>\n\n\n\n<p>&nbsp; &nbsp; - Gestire l'invio di notifiche relative alle informazioni pubblicate sul nostro blog.<\/p>\n\n\n\n<p>&nbsp; &nbsp; - Gestire l'invio di informazioni commerciali relative ad altri prodotti e servizi di Villamahor, nonch\u00e9 di informazioni relative agli eventi realizzati da Villamahor come istituzione e alle celebrazioni e riconoscimenti da essa effettuati, attraverso la creazione di profili, sia da parte di Villamahor che di terzi, e l'invio di sondaggi relativi alla ricerca e all'innovazione, tra gli altri argomenti.&nbsp;<\/p>\n\n\n\n<p>&nbsp; &nbsp; - Gestire il contratto di fornitura di servizi con l'interessato. La gestione del contratto comporta l'espletamento di tutte le procedure amministrative necessarie a tal fine, quali l'accesso, in cui la documentazione fornita dal cliente viene esaminata per la sua corretta validazione da parte di Villamahor, e il servizio clienti, in cui vengono forniti e messi a disposizione del cliente i canali di comunicazione con Villamahor.<\/p>\n\n\n\n<p>Non tratteremo i dati personali dell'utente per scopi diversi da quelli qui descritti, salvo nei casi previsti dalla legge o da un ordine del tribunale.<\/p>\n\n\n\n<p><strong>3. Per quanto tempo saranno conservati i dati personali dell'utente<\/strong><\/p>\n\n\n\n<p>I dati personali forniti saranno conservati:<\/p>\n\n\n\n<p>&nbsp; &nbsp; - Finch\u00e9 il rapporto d'affari viene mantenuto, e\/o<\/p>\n\n\n\n<p>&nbsp; &nbsp; - Finch\u00e9 la cancellazione non \u00e8 stata richiesta dall'interessato.<\/p>\n\n\n\n<p><strong>4. Legittimazione del trattamento dei vostri dati personali<\/strong><\/p>\n\n\n\n<p>La base giuridica per il trattamento dei vostri dati \u00e8 il consenso.<\/p>\n\n\n\n<p>La compilazione e l'invio di qualsiasi modulo su questo sito web implica il consenso alla presente informativa sulla privacy.<\/p>\n\n\n\n<p>L'offerta prospettica o commerciale di prodotti e servizi si basa anche sul consenso che vi viene richiesto, senza che in nessun caso la revoca di tale consenso possa condizionare l'esecuzione del contratto di abbonamento. Anche la contrattazione di prodotti e servizi secondo i termini e le condizioni stabiliti nella politica commerciale.&nbsp;<\/p>\n\n\n\n<p><strong>5. Dove vengono conservati i vostri dati personali<\/strong><\/p>\n\n\n\n<p>Le informazioni fornite sono conservate sui server di Sered o presso fornitori e societ\u00e0 di elaborazione dati che hanno server nel territorio dell'Unione Europea o che sono coperti dal Privacy Shield.&nbsp;<\/p>\n\n\n\n<p><strong>6. Cessione e trasferimento dei dati personali<\/strong><\/p>\n\n\n\n<p>I dati forniti potranno essere trasferiti a societ\u00e0 partecipate da Villamahor e a societ\u00e0 incaricate del trattamento dei dati (come ad esempio fornitori di servizi: servizi di consegna delle comunicazioni, servizi di messaggistica, agenzie, servizi analoghi di generazione del pubblico, ecc.)<\/p>\n\n\n\n<p>I trasferimenti internazionali possono avvenire anche nel rispetto del regime di autorizzazione e notifica preventiva stabilito dalla normativa vigente.<\/p>\n\n\n\n<p><strong>7. Diritti delle persone interessate<\/strong><\/p>\n\n\n\n<p>Potete richiedere a Villamahor l'esercizio dei seguenti diritti scrivendo all'indirizzo postale indicato al punto 1 o inviando un'e-mail a <a href=\"mailto:reservas@villamahor.com\">reservas@villamahor.com<\/a> e allegando una fotocopia del DNI o di qualsiasi altro documento analogo, come previsto dalla legge.<\/p>\n\n\n\n<p><strong>Diritto di accesso:<\/strong> consente all'interessato di conoscere e ottenere informazioni sui propri dati personali oggetto di trattamento.<\/p>\n\n\n\n<p><strong>Diritto di rettifica o cancellazione: <\/strong>consente di correggere gli errori e di modificare i dati inesatti o incompleti.<\/p>\n\n\n\n<p><strong>Diritto di cancellazione:<\/strong> consente di eliminare i dati inappropriati o eccessivi.<\/p>\n\n\n\n<p><strong>Diritto di opposizione: <\/strong>il diritto dell'interessato di non far trattare i propri dati personali o di far cessare il trattamento di tali dati.<\/p>\n\n\n\n<p><strong>Limitazione del trattamento: <\/strong>comporta la marcatura dei dati personali conservati, al fine di limitarne il trattamento futuro.<\/p>\n\n\n\n<p><strong>Portabilit\u00e0 dei dati: <\/strong>la messa a disposizione dell'interessato dei dati oggetto di trattamento, in modo che possa trasmetterli a un altro titolare del trattamento senza impedimenti.<\/p>\n\n\n\n<p>Il diritto di non essere sottoposti a decisioni individuali automatizzate per le quali l'interessato non abbia dato il proprio consenso (compresa la profilazione).<\/p>\n\n\n\n<p>Il diritto di non essere sottoposti a una decisione basata su un trattamento automatizzato che produca effetti o influisca in modo significativo.<\/p>\n\n\n\n<p>Il diritto di revocare il consenso prestato in qualsiasi momento.<\/p>\n\n\n\n<p>L'interessato ha inoltre il diritto di presentare un reclamo all'autorit\u00e0 di controllo se ritiene che i suoi diritti di protezione dei dati siano stati violati.<\/p>\n\n\n\n<p><strong>9. Sicurezza dei dati personali<\/strong><\/p>\n\n\n\n<p>Villamahor, in risposta alla fiducia accordataci e tenendo conto dell'importanza in termini di protezione e riservatezza che i dati personali dell'utente richiedono, informa che ha adottato tutte le misure tecniche e organizzative necessarie per salvaguardarne la sicurezza, come richiesto dalla normativa vigente che disciplina le misure di sicurezza per gli archivi contenenti dati personali.<\/p>\n\n\n\n<p><strong>10. Accuratezza e veridicit\u00e0 dei vostri dati personali<\/strong><\/p>\n\n\n\n<p>In qualit\u00e0 di utente, l'utente \u00e8 l'unico responsabile della veridicit\u00e0 e della correttezza dei dati inviati a www.villamahor.com esonerando Villamahor da qualsiasi responsabilit\u00e0 in merito. L'utente garantisce ed \u00e8 responsabile, in ogni caso, dell'esattezza, della validit\u00e0 e dell'autenticit\u00e0 dei dati personali forniti e si impegna a mantenerli debitamente aggiornati. L'utente si impegna a fornire informazioni complete e corrette nel modulo di contatto o di iscrizione.<\/p>\n\n\n\n<p><strong>11. Accettazione e consenso al trasferimento dei Suoi dati personali<\/strong><\/p>\n\n\n\n<p>L'utente dichiara di essere stato informato delle condizioni sulla protezione dei dati personali, accettando e acconsentendo al trattamento degli stessi da parte di Villamahor nelle modalit\u00e0 e per le finalit\u00e0 indicate nella presente informativa.<\/p>\n\n\n\n<p><strong>Modifiche alla presente informativa sulla privacy<\/strong><\/p>\n\n\n\n<p>Villamahor si riserva il diritto di modificare questa politica per adattarla a nuove leggi o giurisprudenze.<\/p>\n\n\n\n<p><strong>Posta commerciale<\/strong><\/p>\n\n\n\n<p>In conformit\u00e0 con la LSSICE, Villamahor non effettua pratiche di SPAM e pertanto non invia per via elettronica e-mail commerciali che non siano state preventivamente richieste o autorizzate dall'utente.&nbsp;<\/p>\n\n\n\n<p>In conformit\u00e0 alle disposizioni della Legge 34\/2002 sui servizi della societ\u00e0 dell'informazione e del commercio elettronico, Villamahor si impegna a non inviare comunicazioni commerciali senza averle debitamente identificate.<\/p>\n\n\n\n<p><strong>12. Biscotti<\/strong><\/p>\n\n\n\n<p><strong>Cosa sono i biscotti?<\/strong><\/p>\n\n\n\n<p>I cookie sono file di testo che vengono scaricati sul terminale dell'utente (computer, tablet, telefono cellulare...) e memorizzati nella memoria del browser. I dati contenuti nei cookie possono essere analizzati da Villamahor per migliorare la fruibilit\u00e0 dei siti web e offrire informazioni e servizi pi\u00f9 personalizzati.<\/p>\n\n\n\n<p>I dati di navigazione recuperati dai cookie sono anonimi e non sono associati ad alcuna persona. Le informazioni personali devono essere fornite esplicitamente a Villamahor dall'utente.<\/p>\n\n\n\n<p>L'utente pu\u00f2 cancellare o disabilitare i cookie dalla configurazione del proprio browser web. In questo caso, il sito web continuer\u00e0 a funzionare, ma senza i vantaggi della personalizzazione.&nbsp;<\/p>\n\n\n\n<p><strong>Che tipo di cookie vengono utilizzati su www.villamahor.com?<\/strong><\/p>\n\n\n\n<p>&nbsp; &nbsp;<strong> A seconda dell'ente che li gestisce:<\/strong><\/p>\n\n\n\n<p>&nbsp; &nbsp;<strong> &nbsp; &nbsp; - Proprio:<\/strong> Si tratta di cookie inviati da un computer o da un dominio gestito da Villamahor al terminale dell'utente.<\/p>\n\n\n\n<p>&nbsp; &nbsp; &nbsp; &nbsp; <strong>- Da parte di terzi:<\/strong> Si tratta di cookie inviati al terminale dell'utente da un computer o da un dominio non gestito o controllato da Villamahor. Sono compresi anche i cookie installati da Villamahor che raccolgono informazioni gestite da terzi. I cookie di terze parti possono essere utilizzati per misurare e analizzare il comportamento degli utenti al fine di migliorarne l'esperienza sul sito web www.villamahor.com.<\/p>\n\n\n\n<p>&nbsp; <strong>&nbsp; A seconda della durata della loro attivazione:<\/strong><\/p>\n\n\n\n<p>&nbsp; &nbsp; &nbsp;<strong> &nbsp; - In sessione:<\/strong> Raccolgono dati mentre l'utente naviga sul sito web di Villamahor al fine di fornire il servizio richiesto. Scadono o vengono cancellati alla chiusura del browser.<\/p>\n\n\n\n<p>&nbsp; &nbsp; &nbsp; <strong>&nbsp; - Persistente: <\/strong>Sono memorizzati nel terminale dell'utente. Scadono dopo un periodo di tempo lungo o medio o non scadono affatto.<\/p>\n\n\n\n<p>&nbsp; &nbsp; <strong>A seconda dello scopo:<\/strong><\/p>\n\n\n\n<p>&nbsp; &nbsp;<strong> &nbsp; &nbsp; - Tecniche:<\/strong> Sono necessari per la corretta navigazione del sito.<\/p>\n\n\n\n<p>&nbsp; &nbsp; &nbsp; &nbsp;<strong> - Di personalizzazione:<\/strong> Consentono all'utente di definire le caratteristiche (lingua) per la navigazione del sito web.<\/p>\n\n\n\n<p>&nbsp; &nbsp; &nbsp; <strong>&nbsp; - Di analisi:<\/strong> Consentono a Villamahor l'analisi legata alla navigazione effettuata dall'utente al fine di effettuare un follow-up dell'utilizzo della pagina web, nonch\u00e9 di realizzare statistiche sui contenuti pi\u00f9 visitati, sul numero di visitatori, ecc.<\/p>\n\n\n\n<p>&nbsp; &nbsp;<strong> &nbsp; &nbsp; - Pubblicit\u00e0: <\/strong>Permettono di gestire gli spazi pubblicitari in base a criteri quali la modifica dei contenuti o le abitudini di navigazione degli utenti.<\/p>","protected":false},"excerpt":{"rendered":"<p>En Villamahor nos tomamos muy en serio la protecci\u00f3n de los datos de los usuarios de nuestra web www.villamahor.com y por eso queremos que leas nuestra pol\u00edtica de privacidad antes de dejar tus datos en cualquiera de nuestros formularios. Regulaciones legales a las que se acoge esta web Villamahor ha adecuado la web www.villamahor.com a [&hellip;]<\/p>\n","protected":false},"author":1,"featured_media":0,"parent":0,"menu_order":0,"comment_status":"closed","ping_status":"closed","template":"","meta":{"site-sidebar-layout":"default","site-content-layout":"","ast-site-content-layout":"default","site-content-style":"default","site-sidebar-style":"default","ast-global-header-display":"","ast-banner-title-visibility":"","ast-main-header-display":"","ast-hfb-above-header-display":"","ast-hfb-below-header-display":"","ast-hfb-mobile-header-display":"","site-post-title":"","ast-breadcrumbs-content":"","ast-featured-img":"","footer-sml-layout":"","ast-disable-related-posts":"","theme-transparent-header-meta":"","adv-header-id-meta":"","stick-header-meta":"","header-above-stick-meta":"","header-main-stick-meta":"","header-below-stick-meta":"","astra-migrate-meta-layouts":"set","ast-page-background-enabled":"default","ast-page-background-meta":{"desktop":{"background-color":"","background-image":"","background-repeat":"repeat","background-position":"center center","background-size":"auto","background-attachment":"scroll","background-type":"","background-media":"","overlay-type":"","overlay-color":"","overlay-opacity":"","overlay-gradient":""},"tablet":{"background-color":"","background-image":"","background-repeat":"repeat","background-position":"center center","background-size":"auto","background-attachment":"scroll","background-type":"","background-media":"","overlay-type":"","overlay-color":"","overlay-opacity":"","overlay-gradient":""},"mobile":{"background-color":"","background-image":"","background-repeat":"repeat","background-position":"center center","background-size":"auto","background-attachment":"scroll","background-type":"","background-media":"","overlay-type":"","overlay-color":"","overlay-opacity":"","overlay-gradient":""}},"ast-content-background-meta":{"desktop":{"background-color":"var(--ast-global-color-5)","background-image":"","background-repeat":"repeat","background-position":"center center","background-size":"auto","background-attachment":"scroll","background-type":"","background-media":"","overlay-type":"","overlay-color":"","overlay-opacity":"","overlay-gradient":""},"tablet":{"background-color":"var(--ast-global-color-5)","background-image":"","background-repeat":"repeat","background-position":"center center","background-size":"auto","background-attachment":"scroll","background-type":"","background-media":"","overlay-type":"","overlay-color":"","overlay-opacity":"","overlay-gradient":""},"mobile":{"background-color":"var(--ast-global-color-5)","background-image":"","background-repeat":"repeat","background-position":"center center","background-size":"auto","background-attachment":"scroll","background-type":"","background-media":"","overlay-type":"","overlay-color":"","overlay-opacity":"","overlay-gradient":""}},"footnotes":""},"class_list":["post-3","page","type-page","status-publish","hentry"],"_links":{"self":[{"href":"https:\/\/villamahor.com\/it\/wp-json\/wp\/v2\/pages\/3","targetHints":{"allow":["GET"]}}],"collection":[{"href":"https:\/\/villamahor.com\/it\/wp-json\/wp\/v2\/pages"}],"about":[{"href":"https:\/\/villamahor.com\/it\/wp-json\/wp\/v2\/types\/page"}],"author":[{"embeddable":true,"href":"https:\/\/villamahor.com\/it\/wp-json\/wp\/v2\/users\/1"}],"replies":[{"embeddable":true,"href":"https:\/\/villamahor.com\/it\/wp-json\/wp\/v2\/comments?post=3"}],"version-history":[{"count":3,"href":"https:\/\/villamahor.com\/it\/wp-json\/wp\/v2\/pages\/3\/revisions"}],"predecessor-version":[{"id":1903,"href":"https:\/\/villamahor.com\/it\/wp-json\/wp\/v2\/pages\/3\/revisions\/1903"}],"wp:attachment":[{"href":"https:\/\/villamahor.com\/it\/wp-json\/wp\/v2\/media?parent=3"}],"curies":[{"name":"wp","href":"https:\/\/api.w.org\/{rel}","templated":true}]}}