{"id":1293,"date":"2024-04-17T07:19:46","date_gmt":"2024-04-17T07:19:46","guid":{"rendered":"http:\/\/villamahor.com\/?page_id=1293"},"modified":"2024-07-23T08:15:54","modified_gmt":"2024-07-23T08:15:54","slug":"aviso-legal","status":"publish","type":"page","link":"https:\/\/villamahor.com\/it\/avviso-legale\/","title":{"rendered":"Avviso legale"},"content":{"rendered":"<p>Il presente Avviso Legale regola le condizioni generali di accesso e utilizzo di Villamahor.com accessibile all'indirizzo www.villamahor.com (di seguito, Villamahor.com).<br><br>L'utilizzo di Villamahor.com implica l'accettazione completa e senza riserve di tutte le disposizioni contenute nel presente Avviso legale. Di conseguenza, l'utente di Villamahor.com deve leggere attentamente il presente Avviso legale ogni volta che intende utilizzare il sito web, poich\u00e9 il testo pu\u00f2 essere modificato a discrezione del proprietario del sito web, o a causa di un cambiamento nella legislazione, nella giurisprudenza o nelle pratiche commerciali.<\/p>\n\n\n\n<p><strong>Propriet\u00e0 di Villamahor.com<\/strong><\/p>\n\n\n\n<p>Nome del proprietario: ANTONIO ABENGOZAR DELGADO e DAVID RUBIO BIOSCA (di seguito \"Villamahor\")<br>Sede legale: Calle Higuereta, 49 35660 La Oliva. Las Palmas<br>CODICE FISCALE: 01925954S\/ 53418215W<br>Telefono di contatto: 620662192 \/ 669153139<br>E-mail: reservas@villamahor.com<\/p>\n\n\n\n<p><strong>Oggetto di Villamahor.com<\/strong><\/p>\n\n\n\n<p>Villamahor.com fornisce agli utenti del sito l'accesso a informazioni e servizi forniti da&nbsp;<strong>Villamahor <\/strong>alle persone o alle organizzazioni interessate.<\/p>\n\n\n\n<p><strong>Accesso e utilizzo di Villamahor.com<\/strong><\/p>\n\n\n\n<p>- L'accesso e l'utilizzo del sito web sono gratuiti. L'accesso al sito web \u00e8 gratuito per i suoi utenti.<br><br>- Registrazione dell'utente. In generale, l'accesso e l'utilizzo del sito web non richiedono una preventiva iscrizione o registrazione da parte degli utenti.<\/p>\n\n\n\n<p><strong>Contenuti di Villamahor.com<\/strong><\/p>\n\n\n\n<p>La lingua utilizzata dal titolare sul sito web sar\u00e0 lo spagnolo.&nbsp;<strong>Villamahor <\/strong>non \u00e8 responsabile dell'incapacit\u00e0 dell'utente di comprendere o capire la lingua del sito web, n\u00e9 delle relative conseguenze.<br><br><strong>Villamahor <\/strong>pu\u00f2 modificare i contenuti senza preavviso, cos\u00ec come cancellarli e cambiarli all'interno del sito, come le modalit\u00e0 di accesso, senza alcuna giustificazione e liberamente, e non \u00e8 responsabile delle conseguenze che questi possono causare agli utenti.<br><br>\u00c8 vietato utilizzare i contenuti del sito web per promuovere, contrattare o diffondere pubblicit\u00e0 o informazioni proprie o di terzi senza l'autorizzazione di Villamahor, o inviare pubblicit\u00e0 o informazioni utilizzando i servizi o le informazioni messe a disposizione degli utenti, indipendentemente dal fatto che l'uso sia gratuito o meno.<br><br>I link o i collegamenti ipertestuali che terzi incorporano nelle loro pagine web, diretti a questo sito, saranno per l'apertura della pagina web completa, e non potranno riportare direttamente o indirettamente indicazioni false, inesatte o confuse, n\u00e9 incorrere in azioni sleali o illegali nei confronti di&nbsp;<strong>Villamahor<\/strong>.<\/p>\n\n\n\n<p><strong>Limitazione di responsabilit\u00e0<\/strong><\/p>\n\n\n\n<p>L'accesso al sito e l'eventuale uso non consensuale delle informazioni in esso contenute sono di esclusiva responsabilit\u00e0 dell'utente.&nbsp;<strong>Villamahor<\/strong>&nbsp;non sar\u00e0 responsabile di alcuna conseguenza o danno che possa derivare da tale accesso o utilizzo.&nbsp;<strong>Villamahor<\/strong>&nbsp;non \u00e8 responsabile di eventuali errori di sicurezza che possono verificarsi o di eventuali danni che possono essere causati al sistema informatico dell'utente (hardware e software), o ai file o ai documenti in esso memorizzati, come risultato di:<br><br>- la presenza di un virus nel computer dell'utente utilizzato per collegarsi ai servizi e ai contenuti del sito web.<br>- un malfunzionamento del browser.<br>- e\/o l'utilizzo di versioni obsolete.<br><br><strong>Villamahor<\/strong>&nbsp;non \u00e8 responsabile dell'affidabilit\u00e0 e della velocit\u00e0 dei collegamenti ipertestuali incorporati nel sito web per l'apertura di altri siti web.&nbsp;<strong>Villamahor<\/strong>&nbsp;non garantisce l'utilit\u00e0 di questi collegamenti, n\u00e9 \u00e8 responsabile dei contenuti o dei servizi a cui l'utente pu\u00f2 accedere tramite questi collegamenti, n\u00e9 del corretto funzionamento di questi siti web.<br><br><strong>Villamahor<\/strong>&nbsp;non sar\u00e0 responsabile di virus o altri programmi informatici che danneggino o possano danneggiare i sistemi o le apparecchiature informatiche degli utenti quando accedono al suo sito web o ad altri siti web a cui si \u00e8 acceduto tramite i link presenti su questo sito web.<\/p>\n\n\n\n<p><strong>Propriet\u00e0 intellettuale e industriale<\/strong><\/p>\n\n\n\n<p>Sono di propriet\u00e0 di&nbsp;<strong>Villamahor<\/strong>L'utente conserva tutti i diritti di propriet\u00e0 industriale e intellettuale del sito web, nonch\u00e9 dei contenuti in esso presenti. Qualsiasi utilizzo del sito web o dei suoi contenuti deve essere di natura esclusivamente privata.<br><br>\u00c8 riservato esclusivamente a&nbsp;<strong>Villamahor<\/strong>qualsiasi altro utilizzo che comporti la copia, la riproduzione, la distribuzione, la trasformazione, la comunicazione pubblica o qualsiasi altra azione simile, di tutti o di parte dei contenuti del sito web, e pertanto nessun utente pu\u00f2 compiere queste azioni senza la preventiva autorizzazione scritta di&nbsp;<strong>Villamahor<\/strong>.<\/p>\n\n\n\n<p><strong>Legge applicabile e giurisdizione competente<\/strong>&nbsp;<\/p>\n\n\n\n<p>Il presente Avviso legale sar\u00e0 interpretato e disciplinato in conformit\u00e0 alla legge spagnola.&nbsp;<strong>Villamahor<\/strong>&nbsp;e gli utenti, rinunciando espressamente a qualsiasi altra giurisdizione che possa corrispondere loro, si sottomettono alle corti e ai tribunali del domicilio dell'utente per qualsiasi controversia che possa derivare dall'accesso o dall'uso del sito web.&nbsp;<\/p>\n\n\n\n<p>Nel caso in cui l'utente sia domiciliato fuori dalla Spagna,&nbsp;<strong>Villamahor<\/strong>&nbsp;e l'utente accettano di sottoporsi alle corti e ai tribunali di Madrid, rinunciando espressamente a qualsiasi altra giurisdizione.<\/p>","protected":false},"excerpt":{"rendered":"<p>El presente Aviso Legal regula las condiciones generales de acceso y utilizaci\u00f3n de Villamahor.com accesible en la direcci\u00f3n www.villamahor.com (en adelante, Villamahor.com). La utilizaci\u00f3n de Villamahor.com implica la aceptaci\u00f3n plena y sin reservas de todas y cada una de las disposiciones incluidas en este Aviso Legal. En consecuencia, el usuario de Villamahor.com debe leer atentamente [&hellip;]<\/p>\n","protected":false},"author":1,"featured_media":0,"parent":0,"menu_order":0,"comment_status":"closed","ping_status":"closed","template":"","meta":{"site-sidebar-layout":"default","site-content-layout":"","ast-site-content-layout":"default","site-content-style":"default","site-sidebar-style":"default","ast-global-header-display":"","ast-banner-title-visibility":"","ast-main-header-display":"","ast-hfb-above-header-display":"","ast-hfb-below-header-display":"","ast-hfb-mobile-header-display":"","site-post-title":"","ast-breadcrumbs-content":"","ast-featured-img":"","footer-sml-layout":"","ast-disable-related-posts":"","theme-transparent-header-meta":"","adv-header-id-meta":"","stick-header-meta":"","header-above-stick-meta":"","header-main-stick-meta":"","header-below-stick-meta":"","astra-migrate-meta-layouts":"set","ast-page-background-enabled":"default","ast-page-background-meta":{"desktop":{"background-color":"","background-image":"","background-repeat":"repeat","background-position":"center center","background-size":"auto","background-attachment":"scroll","background-type":"","background-media":"","overlay-type":"","overlay-color":"","overlay-opacity":"","overlay-gradient":""},"tablet":{"background-color":"","background-image":"","background-repeat":"repeat","background-position":"center center","background-size":"auto","background-attachment":"scroll","background-type":"","background-media":"","overlay-type":"","overlay-color":"","overlay-opacity":"","overlay-gradient":""},"mobile":{"background-color":"","background-image":"","background-repeat":"repeat","background-position":"center center","background-size":"auto","background-attachment":"scroll","background-type":"","background-media":"","overlay-type":"","overlay-color":"","overlay-opacity":"","overlay-gradient":""}},"ast-content-background-meta":{"desktop":{"background-color":"var(--ast-global-color-5)","background-image":"","background-repeat":"repeat","background-position":"center center","background-size":"auto","background-attachment":"scroll","background-type":"","background-media":"","overlay-type":"","overlay-color":"","overlay-opacity":"","overlay-gradient":""},"tablet":{"background-color":"var(--ast-global-color-5)","background-image":"","background-repeat":"repeat","background-position":"center center","background-size":"auto","background-attachment":"scroll","background-type":"","background-media":"","overlay-type":"","overlay-color":"","overlay-opacity":"","overlay-gradient":""},"mobile":{"background-color":"var(--ast-global-color-5)","background-image":"","background-repeat":"repeat","background-position":"center center","background-size":"auto","background-attachment":"scroll","background-type":"","background-media":"","overlay-type":"","overlay-color":"","overlay-opacity":"","overlay-gradient":""}},"footnotes":""},"class_list":["post-1293","page","type-page","status-publish","hentry"],"_links":{"self":[{"href":"https:\/\/villamahor.com\/it\/wp-json\/wp\/v2\/pages\/1293","targetHints":{"allow":["GET"]}}],"collection":[{"href":"https:\/\/villamahor.com\/it\/wp-json\/wp\/v2\/pages"}],"about":[{"href":"https:\/\/villamahor.com\/it\/wp-json\/wp\/v2\/types\/page"}],"author":[{"embeddable":true,"href":"https:\/\/villamahor.com\/it\/wp-json\/wp\/v2\/users\/1"}],"replies":[{"embeddable":true,"href":"https:\/\/villamahor.com\/it\/wp-json\/wp\/v2\/comments?post=1293"}],"version-history":[{"count":2,"href":"https:\/\/villamahor.com\/it\/wp-json\/wp\/v2\/pages\/1293\/revisions"}],"predecessor-version":[{"id":1902,"href":"https:\/\/villamahor.com\/it\/wp-json\/wp\/v2\/pages\/1293\/revisions\/1902"}],"wp:attachment":[{"href":"https:\/\/villamahor.com\/it\/wp-json\/wp\/v2\/media?parent=1293"}],"curies":[{"name":"wp","href":"https:\/\/api.w.org\/{rel}","templated":true}]}}