{"id":3,"date":"2024-04-16T17:30:26","date_gmt":"2024-04-16T17:30:26","guid":{"rendered":"http:\/\/villamahor.com\/?page_id=3"},"modified":"2024-07-23T08:28:12","modified_gmt":"2024-07-23T08:28:12","slug":"privacidad","status":"publish","type":"page","link":"https:\/\/villamahor.com\/fr\/vie-privee\/","title":{"rendered":"Politique de confidentialit\u00e9"},"content":{"rendered":"<p>Chez Villamahor, nous prenons tr\u00e8s au s\u00e9rieux la protection des donn\u00e9es des utilisateurs de notre site web www.villamahor.com et c'est pourquoi nous vous invitons \u00e0 lire notre politique de confidentialit\u00e9 avant de laisser vos donn\u00e9es dans l'un de nos formulaires.<\/p>\n\n\n\n<p><strong>R\u00e9glementations l\u00e9gales auxquelles ce site web est soumis<\/strong><\/p>\n\n\n\n<p>Villamahor a adapt\u00e9 le site web www.villamahor.com aux exigences de la loi organique 15\/1999, du 13 d\u00e9cembre, sur la protection des donn\u00e9es \u00e0 caract\u00e8re personnel (LOPD), et du d\u00e9cret royal 1720\/2007, du 21 d\u00e9cembre, connu sous le nom de R\u00e8glement pour le d\u00e9veloppement de la LOPD. Il est \u00e9galement conforme au r\u00e8glement (UE) 2016\/679 du Parlement europ\u00e9en et du Conseil du 27 avril 2016 relatif \u00e0 la protection des donn\u00e9es \u00e0 caract\u00e8re personnel (RGPD), ainsi qu'\u00e0 la loi 34\/2002, du 11 juillet, sur les services de la soci\u00e9t\u00e9 de l'information et le commerce \u00e9lectronique (LSSICE ou LSSI).<\/p>\n\n\n\n<p><strong>Mineurs<\/strong><\/p>\n\n\n\n<p>Dans le cas des enfants de moins de treize ans, le consentement des parents ou des tuteurs est requis pour le traitement de leurs donn\u00e9es personnelles.<\/p>\n\n\n\n<p>En aucun cas, des donn\u00e9es concernant la situation professionnelle ou financi\u00e8re ou la vie priv\u00e9e des autres membres de la famille ne sont collect\u00e9es aupr\u00e8s du mineur sans son consentement.<\/p>\n\n\n\n<p>Si vous avez moins de treize ans et que vous avez acc\u00e9d\u00e9 \u00e0 ce site web sans en informer vos parents, vous ne devez pas vous inscrire en tant qu'utilisateur.<\/p>\n\n\n\n<p><strong>Quelques principes \u00e0 conna\u00eetre :<\/strong><\/p>\n\n\n\n<p>\u00c0 Villamahor.es, le respect et la protection des donn\u00e9es personnelles des utilisateurs est une priorit\u00e9. En tant qu'utilisateur, vous devez savoir que vos droits sont garantis sur ce site web.<\/p>\n\n\n\n<p>Nous nous sommes efforc\u00e9s de cr\u00e9er un espace s\u00fbr et s\u00e9curis\u00e9 et nous souhaitons partager avec vous nos principes concernant votre vie priv\u00e9e :<\/p>\n\n\n\n<p>&nbsp; &nbsp; - Nous ne demandons jamais d'informations personnelles \u00e0 moins qu'elles ne soient vraiment n\u00e9cessaires pour vous fournir les services que vous me demandez.<\/p>\n\n\n\n<p>&nbsp; &nbsp; - Nous ne partageons jamais les informations personnelles de nos utilisateurs avec qui que ce soit, sauf pour nous conformer \u00e0 la loi ou avec votre autorisation expresse.<\/p>\n\n\n\n<p>&nbsp; &nbsp; - Nous n'utilisons jamais vos donn\u00e9es personnelles \u00e0 d'autres fins que celles exprim\u00e9es dans la pr\u00e9sente politique de confidentialit\u00e9.<\/p>\n\n\n\n<p>Cette politique de confidentialit\u00e9 peut varier en fonction des exigences l\u00e9gislatives ou d'autor\u00e9glementation, c'est pourquoi je vous conseille, en tant qu'utilisateur, de la consulter r\u00e9guli\u00e8rement. Elle sera applicable dans le cas o\u00f9 les utilisateurs d\u00e9cident de remplir l'un des formulaires de contact o\u00f9 des donn\u00e9es personnelles sont collect\u00e9es.<\/p>\n\n\n\n<p><strong>1. responsable du traitement de vos donn\u00e9es \u00e0 caract\u00e8re personnel<\/strong><\/p>\n\n\n\n<p>Identit\u00e9 : Antonio Abengozar Delgado et David Rubio Biosca (ci-apr\u00e8s \"Villamahor\")&nbsp;<\/p>\n\n\n\n<p>NIF : 01925954S \/ 53418215W<\/p>\n\n\n\n<p>Adresse postale : Calle Higuereta, 49 35660 La Oliva. Las Palmas<\/p>\n\n\n\n<p>Contact du d\u00e9l\u00e9gu\u00e9 \u00e0 la protection des donn\u00e9es : reservas@villamahor.com<\/p>\n\n\n\n<p>Villamahor, en tant que responsable du site www.villamahor.com, conform\u00e9ment aux dispositions du r\u00e8glement (UE) 2016\/679, du 27 avril, relatif \u00e0 la protection des personnes physiques \u00e0 l'\u00e9gard du traitement des donn\u00e9es \u00e0 caract\u00e8re personnel (ci-apr\u00e8s, \" RGPD \"), et de la loi 34\/2002, du 11 juillet, relative aux services de la soci\u00e9t\u00e9 de l'information et au commerce \u00e9lectronique (LSSICE), vous informe qu'il a mis en \u0153uvre les mesures de s\u00e9curit\u00e9 n\u00e9cessaires, de nature technique et organisationnelle, pour garantir et prot\u00e9ger la confidentialit\u00e9, l'int\u00e9grit\u00e9 et la disponibilit\u00e9 des donn\u00e9es saisies.<\/p>\n\n\n\n<p><strong>2. la finalit\u00e9 du traitement de vos donn\u00e9es \u00e0 caract\u00e8re personnel<\/strong><\/p>\n\n\n\n<p>Vos donn\u00e9es personnelles ne seront utilis\u00e9es qu'aux fins suivantes :<\/p>\n\n\n\n<p>&nbsp; &nbsp; - G\u00e9rer l'envoi d'informations sur les produits et services de Villamahor et conna\u00eetre votre opinion sur les informations que nous vous avons fournies.<\/p>\n\n\n\n<p>&nbsp; &nbsp; - G\u00e9rer l'envoi de notifications concernant les informations publi\u00e9es sur notre blog.<\/p>\n\n\n\n<p>&nbsp; &nbsp; - G\u00e9rer l'envoi d'informations commerciales concernant d'autres produits et services de Villamahor, ainsi que d'informations relatives aux \u00e9v\u00e9nements organis\u00e9s par Villamahor en tant qu'institution et aux c\u00e9l\u00e9brations et reconnaissances organis\u00e9es par Villamahor, gr\u00e2ce \u00e0 la cr\u00e9ation de profils, tant par Villamahor que par des tiers, et \u00e0 l'envoi d'enqu\u00eates relatives \u00e0 la recherche et \u00e0 l'innovation, entre autres sujets.&nbsp;<\/p>\n\n\n\n<p>&nbsp; &nbsp; - G\u00e9rer le contrat de prestation de services avec l'int\u00e9ress\u00e9. La gestion du contrat implique l'ex\u00e9cution de toutes les proc\u00e9dures administratives n\u00e9cessaires \u00e0 cet effet, telles que l'acc\u00e8s, dans le cadre duquel la documentation fournie par le client est examin\u00e9e pour \u00eatre correctement valid\u00e9e par Villamahor, et le service client\u00e8le, dans le cadre duquel les canaux de communication avec Villamahor sont fournis et mis \u00e0 la disposition du client.<\/p>\n\n\n\n<p>Nous ne traiterons pas vos donn\u00e9es personnelles \u00e0 d'autres fins que celles d\u00e9crites ici, sauf si la loi ou une d\u00e9cision de justice l'exige.<\/p>\n\n\n\n<p><strong>3. la dur\u00e9e de conservation des donn\u00e9es \u00e0 caract\u00e8re personnel<\/strong><\/p>\n\n\n\n<p>Les donn\u00e9es personnelles fournies seront conserv\u00e9es :<\/p>\n\n\n\n<p>&nbsp; &nbsp; - aussi longtemps que la relation d'affaires est maintenue, et\/ou<\/p>\n\n\n\n<p>&nbsp; &nbsp; - Tant que la suppression n'a pas \u00e9t\u00e9 demand\u00e9e par la personne concern\u00e9e.<\/p>\n\n\n\n<p><strong>4. L\u00e9gitimation du traitement de vos donn\u00e9es personnelles<\/strong><\/p>\n\n\n\n<p>La base juridique du traitement de vos donn\u00e9es est le consentement.<\/p>\n\n\n\n<p>Le fait de remplir et de soumettre un formulaire sur ce site web implique l'acceptation de la pr\u00e9sente politique de confidentialit\u00e9.<\/p>\n\n\n\n<p>L'offre prospective ou commerciale de produits et services est \u00e9galement bas\u00e9e sur le consentement qui vous est demand\u00e9, sans qu'en aucun cas le retrait de ce consentement ne conditionne l'ex\u00e9cution du contrat d'abonnement. Il en va de m\u00eame pour la conclusion de contrats de produits et de services conform\u00e9ment aux conditions \u00e9nonc\u00e9es dans la politique commerciale.&nbsp;<\/p>\n\n\n\n<p><strong>5. Lieu de stockage de vos donn\u00e9es personnelles<\/strong><\/p>\n\n\n\n<p>Les informations fournies sont stock\u00e9es sur les serveurs de Sered ou aupr\u00e8s de fournisseurs et d'entreprises de traitement des donn\u00e9es qui ont des serveurs sur le territoire de l'Union europ\u00e9enne ou qui sont couverts par le Privacy Shield (bouclier de protection de la vie priv\u00e9e).&nbsp;<\/p>\n\n\n\n<p><strong>6. Cession et transfert de vos donn\u00e9es personnelles<\/strong><\/p>\n\n\n\n<p>Les donn\u00e9es fournies peuvent \u00eatre transf\u00e9r\u00e9es \u00e0 des soci\u00e9t\u00e9s dans lesquelles Villamahor d\u00e9tient des participations et \u00e0 des soci\u00e9t\u00e9s charg\u00e9es du traitement des donn\u00e9es (telles que des prestataires de services : services de livraison de communications, services de messagerie, agences, services similaires de g\u00e9n\u00e9ration d'audience, etc.)<\/p>\n\n\n\n<p>Les transferts internationaux peuvent \u00e9galement avoir lieu conform\u00e9ment au r\u00e9gime d'autorisation et de notification pr\u00e9alable \u00e9tabli par la r\u00e9glementation en vigueur.<\/p>\n\n\n\n<p><strong>7. Droits des personnes concern\u00e9es<\/strong><\/p>\n\n\n\n<p>Vous pouvez demander l'exercice des droits suivants \u00e0 Villamahor en \u00e9crivant \u00e0 l'adresse postale indiqu\u00e9e au point 1 ou en envoyant un courrier \u00e9lectronique \u00e0 l'adresse suivante <a href=\"mailto:reservas@villamahor.com\">reservas@villamahor.com<\/a> et en joignant une photocopie du DNI ou de tout autre document juridique similaire, conform\u00e9ment \u00e0 la loi.<\/p>\n\n\n\n<p><strong>Droit d'acc\u00e8s :<\/strong> permet \u00e0 la personne concern\u00e9e de conna\u00eetre et d'obtenir des informations sur les donn\u00e9es \u00e0 caract\u00e8re personnel la concernant qui font l'objet d'un traitement.<\/p>\n\n\n\n<p><strong>Droit de rectification ou d'effacement : <\/strong>permet de corriger les erreurs et de modifier les donn\u00e9es inexactes ou incompl\u00e8tes.<\/p>\n\n\n\n<p><strong>Droit d'annulation :<\/strong> permet de supprimer les donn\u00e9es inappropri\u00e9es ou excessives.<\/p>\n\n\n\n<p><strong>Droit d'opposition : <\/strong>le droit de la personne concern\u00e9e de ne pas faire traiter ses donn\u00e9es \u00e0 caract\u00e8re personnel ou de faire cesser le traitement de ces donn\u00e9es.<\/p>\n\n\n\n<p><strong>Limitation du traitement : <\/strong>implique le marquage des donn\u00e9es personnelles conserv\u00e9es, afin de limiter leur traitement futur.<\/p>\n\n\n\n<p><strong>La portabilit\u00e9 des donn\u00e9es : <\/strong>la mise \u00e0 disposition de la personne concern\u00e9e des donn\u00e9es faisant l'objet du traitement, afin qu'elle puisse les transmettre sans entrave \u00e0 un autre responsable du traitement.<\/p>\n\n\n\n<p>Le droit de ne pas faire l'objet de d\u00e9cisions individuelles automatis\u00e9es pour lesquelles la personne concern\u00e9e n'a pas donn\u00e9 son consentement (y compris le profilage).<\/p>\n\n\n\n<p>Le droit de ne pas faire l'objet d'une d\u00e9cision fond\u00e9e sur un traitement automatis\u00e9 qui produit des effets ou affecte de mani\u00e8re significative.<\/p>\n\n\n\n<p>Le droit de retirer le consentement donn\u00e9 \u00e0 tout moment.<\/p>\n\n\n\n<p>La personne concern\u00e9e a \u00e9galement le droit d'introduire une r\u00e9clamation aupr\u00e8s de l'autorit\u00e9 de contr\u00f4le si elle estime que ses droits en mati\u00e8re de protection des donn\u00e9es ont \u00e9t\u00e9 viol\u00e9s.<\/p>\n\n\n\n<p><strong>9. S\u00e9curit\u00e9 des donn\u00e9es personnelles<\/strong><\/p>\n\n\n\n<p>Villamahor, en r\u00e9ponse \u00e0 la confiance qui lui a \u00e9t\u00e9 accord\u00e9e et compte tenu de l'importance que rev\u00eatent les donn\u00e9es personnelles de l'utilisateur en termes de protection et de confidentialit\u00e9, vous informe qu'elle a adopt\u00e9 toutes les mesures techniques et organisationnelles n\u00e9cessaires pour garantir sa s\u00e9curit\u00e9, conform\u00e9ment \u00e0 la l\u00e9gislation en vigueur r\u00e9gissant les mesures de s\u00e9curit\u00e9 des fichiers contenant des donn\u00e9es \u00e0 caract\u00e8re personnel.<\/p>\n\n\n\n<p><strong>10. Exactitude et v\u00e9racit\u00e9 des donn\u00e9es personnelles<\/strong><\/p>\n\n\n\n<p>En tant qu'utilisateur, vous \u00eates seul responsable de la v\u00e9racit\u00e9 et de l'exactitude des donn\u00e9es que vous envoyez \u00e0 www.villamahor.com, en exon\u00e9rant Villamahor de toute responsabilit\u00e9 \u00e0 cet \u00e9gard. Les utilisateurs garantissent et sont responsables, dans tous les cas, de l'exactitude, de la validit\u00e9 et de l'authenticit\u00e9 des donn\u00e9es personnelles fournies et s'engagent \u00e0 les tenir d\u00fbment \u00e0 jour. L'utilisateur s'engage \u00e0 fournir des informations compl\u00e8tes et correctes dans le formulaire de contact ou d'abonnement.<\/p>\n\n\n\n<p><strong>11. Acceptation et consentement au transfert de vos donn\u00e9es personnelles<\/strong><\/p>\n\n\n\n<p>L'utilisateur d\u00e9clare avoir \u00e9t\u00e9 inform\u00e9 des conditions de protection des donn\u00e9es personnelles, acceptant et consentant au traitement de celles-ci par Villamahor de la mani\u00e8re et aux fins indiqu\u00e9es dans la pr\u00e9sente politique de confidentialit\u00e9.<\/p>\n\n\n\n<p><strong>Modifications de la pr\u00e9sente politique de confidentialit\u00e9<\/strong><\/p>\n\n\n\n<p>Villamahor se r\u00e9serve le droit de modifier cette politique afin de l'adapter aux nouvelles l\u00e9gislations ou jurisprudences.<\/p>\n\n\n\n<p><strong>Courrier commercial<\/strong><\/p>\n\n\n\n<p>Conform\u00e9ment \u00e0 la LSSICE, Villamahor ne s'engage pas dans des pratiques de SPAM et n'envoie donc pas de courriers \u00e9lectroniques commerciaux par des moyens \u00e9lectroniques qui n'ont pas \u00e9t\u00e9 pr\u00e9alablement demand\u00e9s ou autoris\u00e9s par l'utilisateur.&nbsp;<\/p>\n\n\n\n<p>Conform\u00e9ment aux dispositions de la loi 34\/2002 sur les services de la soci\u00e9t\u00e9 de l'information et le commerce \u00e9lectronique, Villamahor s'engage \u00e0 ne pas envoyer de communications commerciales sans les avoir d\u00fbment identifi\u00e9es.<\/p>\n\n\n\n<p><strong>12. Cookies<\/strong><\/p>\n\n\n\n<p><strong>Qu'est-ce qu'un biscuit ?<\/strong><\/p>\n\n\n\n<p>Les cookies sont des fichiers textes t\u00e9l\u00e9charg\u00e9s sur l'\u00e9quipement terminal de l'utilisateur (ordinateur, tablette, t\u00e9l\u00e9phone mobile...) et stock\u00e9s dans la m\u00e9moire de votre navigateur. Les donn\u00e9es contenues dans les cookies peuvent \u00eatre analys\u00e9es par Villamahor afin d'am\u00e9liorer l'ergonomie des sites internet et de proposer des informations et services plus personnalis\u00e9s.<\/p>\n\n\n\n<p>Les donn\u00e9es de navigation r\u00e9cup\u00e9r\u00e9es par les cookies sont anonymes et ne sont associ\u00e9es \u00e0 aucune personne. Les informations personnelles doivent \u00eatre explicitement fournies \u00e0 Villamahor par l'utilisateur.<\/p>\n\n\n\n<p>L'utilisateur peut supprimer ou d\u00e9sactiver les cookies dans la configuration de son navigateur web. Dans ce cas, le site web continuera \u00e0 fonctionner, mais sans les avantages de la personnalisation.&nbsp;<\/p>\n\n\n\n<p><strong>Quels types de cookies sont utilis\u00e9s sur www.villamahor.com ?<\/strong><\/p>\n\n\n\n<p>&nbsp; &nbsp;<strong> En fonction de l'entit\u00e9 qui les g\u00e8re :<\/strong><\/p>\n\n\n\n<p>&nbsp; &nbsp;<strong> &nbsp; &nbsp; - La sienne :<\/strong> Il s'agit de cookies envoy\u00e9s depuis un ordinateur ou un domaine g\u00e9r\u00e9 par Villamahor vers le terminal de l'utilisateur.<\/p>\n\n\n\n<p>&nbsp; &nbsp; &nbsp; &nbsp; <strong>- De la part de tiers :<\/strong> Il s'agit de cookies envoy\u00e9s au terminal de l'utilisateur \u00e0 partir d'un ordinateur ou d'un domaine qui n'est pas g\u00e9r\u00e9 ou contr\u00f4l\u00e9 par Villamahor. Il s'agit \u00e9galement des cookies install\u00e9s par Villamahor qui collectent des informations g\u00e9r\u00e9es par des tiers. Les cookies de tiers peuvent \u00eatre utilis\u00e9s pour mesurer et analyser le comportement de l'utilisateur afin d'am\u00e9liorer son exp\u00e9rience sur le site www.villamahor.com.<\/p>\n\n\n\n<p>&nbsp; <strong>&nbsp; En fonction de la dur\u00e9e de leur activation :<\/strong><\/p>\n\n\n\n<p>&nbsp; &nbsp; &nbsp;<strong> &nbsp; - En session :<\/strong> Ils collectent des donn\u00e9es lorsque l'utilisateur navigue sur le site web de Villamahor afin de fournir le service demand\u00e9. Ils expirent ou sont supprim\u00e9s lorsque le navigateur est ferm\u00e9.<\/p>\n\n\n\n<p>&nbsp; &nbsp; &nbsp; <strong>&nbsp; - Persistant : <\/strong>Ils sont stock\u00e9s dans le terminal de l'utilisateur. Ils expirent apr\u00e8s une p\u00e9riode plus ou moins longue ou n'expirent jamais.<\/p>\n\n\n\n<p>&nbsp; &nbsp; <strong>En fonction de l'objectif :<\/strong><\/p>\n\n\n\n<p>&nbsp; &nbsp;<strong> &nbsp; &nbsp; - Techniques :<\/strong> Ces \u00e9l\u00e9ments sont n\u00e9cessaires \u00e0 la bonne navigation sur le site web.<\/p>\n\n\n\n<p>&nbsp; &nbsp; &nbsp; &nbsp;<strong> - De la personnalisation :<\/strong> Ils permettent \u00e0 l'utilisateur de d\u00e9finir les caract\u00e9ristiques (langue) de navigation sur le site web.<\/p>\n\n\n\n<p>&nbsp; &nbsp; &nbsp; <strong>&nbsp; - d'analyse :<\/strong> Ils permettent \u00e0 Villamahor l'analyse li\u00e9e \u00e0 la navigation effectu\u00e9e par l'utilisateur afin de r\u00e9aliser un suivi de l'utilisation de la page web, ainsi que d'\u00e9tablir des statistiques sur les contenus les plus visit\u00e9s, le nombre de visiteurs, etc.<\/p>\n\n\n\n<p>&nbsp; &nbsp;<strong> &nbsp; &nbsp; - La publicit\u00e9 : <\/strong>Ils permettent de g\u00e9rer les espaces publicitaires en fonction de crit\u00e8res tels que l'\u00e9dition de contenus ou les habitudes de navigation des utilisateurs.<\/p>","protected":false},"excerpt":{"rendered":"<p>En Villamahor nos tomamos muy en serio la protecci\u00f3n de los datos de los usuarios de nuestra web www.villamahor.com y por eso queremos que leas nuestra pol\u00edtica de privacidad antes de dejar tus datos en cualquiera de nuestros formularios. Regulaciones legales a las que se acoge esta web Villamahor ha adecuado la web www.villamahor.com a [&hellip;]<\/p>\n","protected":false},"author":1,"featured_media":0,"parent":0,"menu_order":0,"comment_status":"closed","ping_status":"closed","template":"","meta":{"site-sidebar-layout":"default","site-content-layout":"","ast-site-content-layout":"default","site-content-style":"default","site-sidebar-style":"default","ast-global-header-display":"","ast-banner-title-visibility":"","ast-main-header-display":"","ast-hfb-above-header-display":"","ast-hfb-below-header-display":"","ast-hfb-mobile-header-display":"","site-post-title":"","ast-breadcrumbs-content":"","ast-featured-img":"","footer-sml-layout":"","ast-disable-related-posts":"","theme-transparent-header-meta":"","adv-header-id-meta":"","stick-header-meta":"","header-above-stick-meta":"","header-main-stick-meta":"","header-below-stick-meta":"","astra-migrate-meta-layouts":"set","ast-page-background-enabled":"default","ast-page-background-meta":{"desktop":{"background-color":"","background-image":"","background-repeat":"repeat","background-position":"center center","background-size":"auto","background-attachment":"scroll","background-type":"","background-media":"","overlay-type":"","overlay-color":"","overlay-opacity":"","overlay-gradient":""},"tablet":{"background-color":"","background-image":"","background-repeat":"repeat","background-position":"center center","background-size":"auto","background-attachment":"scroll","background-type":"","background-media":"","overlay-type":"","overlay-color":"","overlay-opacity":"","overlay-gradient":""},"mobile":{"background-color":"","background-image":"","background-repeat":"repeat","background-position":"center center","background-size":"auto","background-attachment":"scroll","background-type":"","background-media":"","overlay-type":"","overlay-color":"","overlay-opacity":"","overlay-gradient":""}},"ast-content-background-meta":{"desktop":{"background-color":"var(--ast-global-color-5)","background-image":"","background-repeat":"repeat","background-position":"center center","background-size":"auto","background-attachment":"scroll","background-type":"","background-media":"","overlay-type":"","overlay-color":"","overlay-opacity":"","overlay-gradient":""},"tablet":{"background-color":"var(--ast-global-color-5)","background-image":"","background-repeat":"repeat","background-position":"center center","background-size":"auto","background-attachment":"scroll","background-type":"","background-media":"","overlay-type":"","overlay-color":"","overlay-opacity":"","overlay-gradient":""},"mobile":{"background-color":"var(--ast-global-color-5)","background-image":"","background-repeat":"repeat","background-position":"center center","background-size":"auto","background-attachment":"scroll","background-type":"","background-media":"","overlay-type":"","overlay-color":"","overlay-opacity":"","overlay-gradient":""}},"footnotes":""},"class_list":["post-3","page","type-page","status-publish","hentry"],"_links":{"self":[{"href":"https:\/\/villamahor.com\/fr\/wp-json\/wp\/v2\/pages\/3","targetHints":{"allow":["GET"]}}],"collection":[{"href":"https:\/\/villamahor.com\/fr\/wp-json\/wp\/v2\/pages"}],"about":[{"href":"https:\/\/villamahor.com\/fr\/wp-json\/wp\/v2\/types\/page"}],"author":[{"embeddable":true,"href":"https:\/\/villamahor.com\/fr\/wp-json\/wp\/v2\/users\/1"}],"replies":[{"embeddable":true,"href":"https:\/\/villamahor.com\/fr\/wp-json\/wp\/v2\/comments?post=3"}],"version-history":[{"count":3,"href":"https:\/\/villamahor.com\/fr\/wp-json\/wp\/v2\/pages\/3\/revisions"}],"predecessor-version":[{"id":1903,"href":"https:\/\/villamahor.com\/fr\/wp-json\/wp\/v2\/pages\/3\/revisions\/1903"}],"wp:attachment":[{"href":"https:\/\/villamahor.com\/fr\/wp-json\/wp\/v2\/media?parent=3"}],"curies":[{"name":"wp","href":"https:\/\/api.w.org\/{rel}","templated":true}]}}