{"id":1296,"date":"2024-04-17T07:20:25","date_gmt":"2024-04-17T07:20:25","guid":{"rendered":"http:\/\/villamahor.com\/?page_id=1296"},"modified":"2024-09-02T15:33:52","modified_gmt":"2024-09-02T15:33:52","slug":"cookies","status":"publish","type":"page","link":"https:\/\/villamahor.com\/fr\/biscuits\/","title":{"rendered":"Politique en mati\u00e8re de cookies"},"content":{"rendered":"<h5 class=\"wp-block-heading\"><strong>Qu'est-ce qu'un biscuit ?<\/strong><\/h5>\n\n\n\n<p>Les cookies sont des fichiers textes t\u00e9l\u00e9charg\u00e9s sur l'\u00e9quipement terminal de l'utilisateur (ordinateur, tablette, t\u00e9l\u00e9phone mobile...) et stock\u00e9s dans la m\u00e9moire de votre navigateur. Les donn\u00e9es contenues dans les cookies peuvent \u00eatre analys\u00e9es par Villamahor afin d'am\u00e9liorer l'ergonomie des sites internet et de proposer des informations et services plus personnalis\u00e9s.<\/p>\n\n\n\n<p>Les donn\u00e9es de navigation r\u00e9cup\u00e9r\u00e9es par les cookies sont anonymes et ne sont associ\u00e9es \u00e0 aucune personne. Les informations personnelles doivent \u00eatre explicitement fournies \u00e0 Villamahor par l'utilisateur.<\/p>\n\n\n\n<p>L'utilisateur peut supprimer ou d\u00e9sactiver les cookies dans la configuration de son navigateur web. Dans ce cas, le site web continuera \u00e0 fonctionner, mais sans les avantages de la personnalisation.&nbsp;<\/p>\n\n\n\n<h5 class=\"wp-block-heading\"><strong>Quels types de cookies sont utilis\u00e9s sur www.villamahor.com ?<\/strong><\/h5>\n\n\n\n<p>&nbsp; &nbsp;<strong> En fonction de l'entit\u00e9 qui les g\u00e8re :<\/strong><\/p>\n\n\n\n<p>&nbsp; &nbsp;<strong> &nbsp; &nbsp; - La sienne :<\/strong> Il s'agit de cookies envoy\u00e9s depuis un ordinateur ou un domaine g\u00e9r\u00e9 par Villamahor vers le terminal de l'utilisateur.<\/p>\n\n\n\n<p>&nbsp; &nbsp; &nbsp; &nbsp; <strong>- De la part de tiers :<\/strong> Il s'agit de cookies envoy\u00e9s au terminal de l'utilisateur \u00e0 partir d'un ordinateur ou d'un domaine qui n'est pas g\u00e9r\u00e9 ou contr\u00f4l\u00e9 par Villamahor. Il s'agit \u00e9galement des cookies install\u00e9s par Villamahor qui collectent des informations g\u00e9r\u00e9es par des tiers. Les cookies de tiers peuvent \u00eatre utilis\u00e9s pour mesurer et analyser le comportement de l'utilisateur afin d'am\u00e9liorer son exp\u00e9rience sur le site www.villamahor.com.<\/p>\n\n\n\n<p>&nbsp; <strong>&nbsp; En fonction de la dur\u00e9e de leur activation :<\/strong><\/p>\n\n\n\n<p>&nbsp; &nbsp; &nbsp;<strong> &nbsp; - En session :<\/strong> Ils collectent des donn\u00e9es lorsque l'utilisateur navigue sur le site web de Villamahor afin de fournir le service demand\u00e9. Ils expirent ou sont supprim\u00e9s lorsque le navigateur est ferm\u00e9.<\/p>\n\n\n\n<p>&nbsp; &nbsp; &nbsp; <strong>&nbsp; - Persistant : <\/strong>Ils sont stock\u00e9s dans le terminal de l'utilisateur. Ils expirent apr\u00e8s une p\u00e9riode plus ou moins longue ou n'expirent jamais.<\/p>\n\n\n\n<p>&nbsp; &nbsp; <strong>En fonction de l'objectif :<\/strong><\/p>\n\n\n\n<p>&nbsp; &nbsp;<strong> &nbsp; &nbsp; - Techniques :<\/strong> Ces \u00e9l\u00e9ments sont n\u00e9cessaires \u00e0 la bonne navigation sur le site web.<\/p>\n\n\n\n<p>&nbsp; &nbsp; &nbsp; &nbsp;<strong> - De la personnalisation :<\/strong> Ils permettent \u00e0 l'utilisateur de d\u00e9finir les caract\u00e9ristiques (langue) de navigation sur le site web.<\/p>\n\n\n\n<p>&nbsp; &nbsp; &nbsp; <strong>&nbsp; - d'analyse :<\/strong> Ils permettent \u00e0 Villamahor l'analyse li\u00e9e \u00e0 la navigation effectu\u00e9e par l'utilisateur afin de r\u00e9aliser un suivi de l'utilisation de la page web, ainsi que d'\u00e9tablir des statistiques sur les contenus les plus visit\u00e9s, le nombre de visiteurs, etc.<\/p>\n\n\n\n<p>&nbsp; &nbsp;<strong> &nbsp; &nbsp; - La publicit\u00e9 : <\/strong>Ils permettent de g\u00e9rer les espaces publicitaires en fonction de crit\u00e8res tels que l'\u00e9dition de contenus ou les habitudes de navigation des utilisateurs.<\/p>","protected":false},"excerpt":{"rendered":"<p>\u00bfQu\u00e9 son las cookies? Las cookies son archivos de texto que se descargan al equipo terminal del usuario (ordenador, tableta, tel\u00e9fono m\u00f3vil&#8230;) y que se guardan en la memoria de su navegador. Los datos contenidos en las cookies pueden ser analizados por Villamahor para mejorar la usabilidad de las webs y ofrecer una informaci\u00f3n y [&hellip;]<\/p>\n","protected":false},"author":1,"featured_media":0,"parent":0,"menu_order":0,"comment_status":"closed","ping_status":"closed","template":"","meta":{"site-sidebar-layout":"default","site-content-layout":"","ast-site-content-layout":"default","site-content-style":"default","site-sidebar-style":"default","ast-global-header-display":"","ast-banner-title-visibility":"","ast-main-header-display":"","ast-hfb-above-header-display":"","ast-hfb-below-header-display":"","ast-hfb-mobile-header-display":"","site-post-title":"","ast-breadcrumbs-content":"","ast-featured-img":"","footer-sml-layout":"","ast-disable-related-posts":"","theme-transparent-header-meta":"","adv-header-id-meta":"","stick-header-meta":"","header-above-stick-meta":"","header-main-stick-meta":"","header-below-stick-meta":"","astra-migrate-meta-layouts":"set","ast-page-background-enabled":"default","ast-page-background-meta":{"desktop":{"background-color":"","background-image":"","background-repeat":"repeat","background-position":"center center","background-size":"auto","background-attachment":"scroll","background-type":"","background-media":"","overlay-type":"","overlay-color":"","overlay-opacity":"","overlay-gradient":""},"tablet":{"background-color":"","background-image":"","background-repeat":"repeat","background-position":"center center","background-size":"auto","background-attachment":"scroll","background-type":"","background-media":"","overlay-type":"","overlay-color":"","overlay-opacity":"","overlay-gradient":""},"mobile":{"background-color":"","background-image":"","background-repeat":"repeat","background-position":"center center","background-size":"auto","background-attachment":"scroll","background-type":"","background-media":"","overlay-type":"","overlay-color":"","overlay-opacity":"","overlay-gradient":""}},"ast-content-background-meta":{"desktop":{"background-color":"var(--ast-global-color-5)","background-image":"","background-repeat":"repeat","background-position":"center center","background-size":"auto","background-attachment":"scroll","background-type":"","background-media":"","overlay-type":"","overlay-color":"","overlay-opacity":"","overlay-gradient":""},"tablet":{"background-color":"var(--ast-global-color-5)","background-image":"","background-repeat":"repeat","background-position":"center center","background-size":"auto","background-attachment":"scroll","background-type":"","background-media":"","overlay-type":"","overlay-color":"","overlay-opacity":"","overlay-gradient":""},"mobile":{"background-color":"var(--ast-global-color-5)","background-image":"","background-repeat":"repeat","background-position":"center center","background-size":"auto","background-attachment":"scroll","background-type":"","background-media":"","overlay-type":"","overlay-color":"","overlay-opacity":"","overlay-gradient":""}},"footnotes":""},"class_list":["post-1296","page","type-page","status-publish","hentry"],"_links":{"self":[{"href":"https:\/\/villamahor.com\/fr\/wp-json\/wp\/v2\/pages\/1296","targetHints":{"allow":["GET"]}}],"collection":[{"href":"https:\/\/villamahor.com\/fr\/wp-json\/wp\/v2\/pages"}],"about":[{"href":"https:\/\/villamahor.com\/fr\/wp-json\/wp\/v2\/types\/page"}],"author":[{"embeddable":true,"href":"https:\/\/villamahor.com\/fr\/wp-json\/wp\/v2\/users\/1"}],"replies":[{"embeddable":true,"href":"https:\/\/villamahor.com\/fr\/wp-json\/wp\/v2\/comments?post=1296"}],"version-history":[{"count":3,"href":"https:\/\/villamahor.com\/fr\/wp-json\/wp\/v2\/pages\/1296\/revisions"}],"predecessor-version":[{"id":1908,"href":"https:\/\/villamahor.com\/fr\/wp-json\/wp\/v2\/pages\/1296\/revisions\/1908"}],"wp:attachment":[{"href":"https:\/\/villamahor.com\/fr\/wp-json\/wp\/v2\/media?parent=1296"}],"curies":[{"name":"wp","href":"https:\/\/api.w.org\/{rel}","templated":true}]}}