{"id":1293,"date":"2024-04-17T07:19:46","date_gmt":"2024-04-17T07:19:46","guid":{"rendered":"http:\/\/villamahor.com\/?page_id=1293"},"modified":"2024-07-23T08:15:54","modified_gmt":"2024-07-23T08:15:54","slug":"aviso-legal","status":"publish","type":"page","link":"https:\/\/villamahor.com\/fr\/avis-juridique\/","title":{"rendered":"Avis juridique"},"content":{"rendered":"<p>Le pr\u00e9sent avis juridique r\u00e9git les conditions g\u00e9n\u00e9rales d'acc\u00e8s et d'utilisation du site Villamahor.com accessible \u00e0 l'adresse www.villamahor.com (ci-apr\u00e8s, Villamahor.com).<br><br>L'utilisation du site Villamahor.com implique l'acceptation pleine et enti\u00e8re de toutes les dispositions incluses dans cet Avis L\u00e9gal. En cons\u00e9quence, l'utilisateur du site Villamahor.com est tenu de lire attentivement les pr\u00e9sentes mentions l\u00e9gales chaque fois qu'il souhaite utiliser ce site, \u00e9tant donn\u00e9 que le texte peut \u00eatre modifi\u00e9 \u00e0 la discr\u00e9tion du propri\u00e9taire du site ou en raison d'un changement de l\u00e9gislation, de jurisprudence ou de pratique commerciale.<\/p>\n\n\n\n<p><strong>Propri\u00e9t\u00e9 de Villamahor.com<\/strong><\/p>\n\n\n\n<p>Nom du propri\u00e9taire : ANTONIO ABENGOZAR DELGADO et DAVID RUBIO BIOSCA (ci-apr\u00e8s \"Villamahor\")<br>Si\u00e8ge social : Calle Higuereta, 49 35660 La Oliva. Las Palmas<br>NUM\u00c9RO D'IDENTIFICATION FISCALE : 01925954S\/ 53418215W<br>T\u00e9l\u00e9phone de contact : 620662192 \/ 669153139<br>Courriel : reservas@villamahor.com<\/p>\n\n\n\n<p><strong>Objet de Villamahor.com<\/strong><\/p>\n\n\n\n<p>Villamahor.com permet aux utilisateurs du site d'acc\u00e9der \u00e0 des informations et des services fournis par&nbsp;<strong>Villamahor <\/strong>aux personnes ou organisations int\u00e9ress\u00e9es.<\/p>\n\n\n\n<p><strong>Acc\u00e8s et utilisation de Villamahor.com<\/strong><\/p>\n\n\n\n<p>- L'acc\u00e8s et l'utilisation du site web sont gratuits. L'acc\u00e8s au site est gratuit pour ses utilisateurs.<br><br>- Enregistrement de l'utilisateur. En g\u00e9n\u00e9ral, l'acc\u00e8s et l'utilisation du site web ne n\u00e9cessitent pas d'inscription ou d'enregistrement pr\u00e9alable de la part des utilisateurs.<\/p>\n\n\n\n<p><strong>Contenu de Villamahor.com<\/strong><\/p>\n\n\n\n<p>La langue utilis\u00e9e par le propri\u00e9taire sur le site web est l'espagnol.&nbsp;<strong>Villamahor <\/strong>n'est pas responsable du fait que l'utilisateur ne comprenne pas ou ne comprenne pas la langue du site web, ni des cons\u00e9quences qui en d\u00e9coulent.<br><br><strong>Villamahor <\/strong>peut modifier les contenus sans pr\u00e9avis, ainsi que les supprimer et les changer \u00e0 l'int\u00e9rieur du site web, comme la mani\u00e8re d'y acc\u00e9der, sans aucune justification et librement, et ne sera pas tenu responsable des cons\u00e9quences que cela peut entra\u00eener pour les utilisateurs.<br><br>Il est interdit d'utiliser les contenus du site web pour promouvoir, contracter ou diffuser de la publicit\u00e9 ou des informations propres ou de tiers sans l'autorisation de Villamahor, ou d'envoyer de la publicit\u00e9 ou des informations en utilisant les services ou les informations mis \u00e0 la disposition des utilisateurs, que l'utilisation soit gratuite ou non.<br><br>Les liens ou hyperliens que des tiers incorporent dans leurs pages web, dirig\u00e9s vers ce site web, seront destin\u00e9s \u00e0 l'ouverture de la page web compl\u00e8te, et ne pourront pas, directement ou indirectement, donner des indications fausses, inexactes ou confuses, ni donner lieu \u00e0 des actions d\u00e9loyales ou ill\u00e9gales \u00e0 l'encontre des personnes suivantes&nbsp;<strong>Villamahor<\/strong>.<\/p>\n\n\n\n<p><strong>Limitation de la responsabilit\u00e9<\/strong><\/p>\n\n\n\n<p>L'acc\u00e8s au site et l'utilisation non consensuelle des informations qu'il contient rel\u00e8vent de la seule responsabilit\u00e9 de l'utilisateur.&nbsp;<strong>Villamahor<\/strong>&nbsp;n'est pas responsable des cons\u00e9quences ou des dommages pouvant r\u00e9sulter d'un tel acc\u00e8s ou d'une telle utilisation.&nbsp;<strong>Villamahor<\/strong>&nbsp;n'est pas responsable des erreurs de s\u00e9curit\u00e9 qui peuvent se produire ou des dommages qui peuvent \u00eatre caus\u00e9s au syst\u00e8me informatique de l'utilisateur (mat\u00e9riel et logiciel), ou aux fichiers ou documents qui y sont stock\u00e9s, \u00e0 la suite de l'utilisation du site :<br><br>- la pr\u00e9sence d'un virus dans l'ordinateur de l'utilisateur utilis\u00e9 pour se connecter aux services et aux contenus du site web.<br>- un dysfonctionnement du navigateur.<br>- et\/ou l'utilisation de versions obsol\u00e8tes.<br><br><strong>Villamahor<\/strong>&nbsp;n'est pas responsable de la fiabilit\u00e9 et de la rapidit\u00e9 des hyperliens incorpor\u00e9s dans le site web pour l'ouverture d'autres sites web.&nbsp;<strong>Villamahor<\/strong>&nbsp;ne garantit pas l'utilit\u00e9 de ces liens, ni n'est responsable du contenu ou des services auxquels l'utilisateur peut avoir acc\u00e8s par ces liens, ni du bon fonctionnement de ces sites web.<br><br><strong>Villamahor<\/strong>&nbsp;n'est pas responsable des virus ou autres programmes informatiques qui endommagent ou peuvent endommager les syst\u00e8mes ou \u00e9quipements informatiques des utilisateurs lorsqu'ils acc\u00e8dent \u00e0 son site web ou \u00e0 d'autres sites web accessibles par des liens figurant sur le pr\u00e9sent site web.<\/p>\n\n\n\n<p><strong>Propri\u00e9t\u00e9 intellectuelle et industrielle<\/strong><\/p>\n\n\n\n<p>Ils sont la propri\u00e9t\u00e9 de&nbsp;<strong>Villamahor<\/strong>L'utilisateur conserve tous les droits de propri\u00e9t\u00e9 industrielle et intellectuelle sur le site web, ainsi que sur les contenus qu'il contient. Toute utilisation du site ou de son contenu doit \u00eatre exclusivement priv\u00e9e.<br><br>Il est r\u00e9serv\u00e9 exclusivement aux&nbsp;<strong>Villamahor<\/strong>toute autre utilisation impliquant la copie, la reproduction, la distribution, la transformation, la communication publique ou toute autre action similaire, de tout ou partie des contenus du site web, et par cons\u00e9quent aucun utilisateur ne peut r\u00e9aliser ces actions sans l'autorisation \u00e9crite pr\u00e9alable de&nbsp;<strong>Villamahor<\/strong>.<\/p>\n\n\n\n<p><strong>Droit applicable et juridiction comp\u00e9tente<\/strong>&nbsp;<\/p>\n\n\n\n<p>Le pr\u00e9sent avis juridique sera interpr\u00e9t\u00e9 et r\u00e9gi conform\u00e9ment \u00e0 la l\u00e9gislation espagnole.&nbsp;<strong>Villamahor<\/strong>&nbsp;et les utilisateurs, renon\u00e7ant express\u00e9ment \u00e0 toute autre juridiction qui pourrait leur correspondre, se soumettent aux cours et tribunaux du domicile de l'utilisateur pour tout litige pouvant d\u00e9couler de l'acc\u00e8s ou de l'utilisation du site web.&nbsp;<\/p>\n\n\n\n<p>Dans le cas o\u00f9 l'utilisateur est domicili\u00e9 en dehors de l'Espagne,&nbsp;<strong>Villamahor<\/strong>&nbsp;et l'utilisateur acceptent de se soumettre aux cours et tribunaux de Madrid, renon\u00e7ant express\u00e9ment \u00e0 toute autre juridiction.<\/p>","protected":false},"excerpt":{"rendered":"<p>El presente Aviso Legal regula las condiciones generales de acceso y utilizaci\u00f3n de Villamahor.com accesible en la direcci\u00f3n www.villamahor.com (en adelante, Villamahor.com). La utilizaci\u00f3n de Villamahor.com implica la aceptaci\u00f3n plena y sin reservas de todas y cada una de las disposiciones incluidas en este Aviso Legal. En consecuencia, el usuario de Villamahor.com debe leer atentamente [&hellip;]<\/p>\n","protected":false},"author":1,"featured_media":0,"parent":0,"menu_order":0,"comment_status":"closed","ping_status":"closed","template":"","meta":{"site-sidebar-layout":"default","site-content-layout":"","ast-site-content-layout":"default","site-content-style":"default","site-sidebar-style":"default","ast-global-header-display":"","ast-banner-title-visibility":"","ast-main-header-display":"","ast-hfb-above-header-display":"","ast-hfb-below-header-display":"","ast-hfb-mobile-header-display":"","site-post-title":"","ast-breadcrumbs-content":"","ast-featured-img":"","footer-sml-layout":"","ast-disable-related-posts":"","theme-transparent-header-meta":"","adv-header-id-meta":"","stick-header-meta":"","header-above-stick-meta":"","header-main-stick-meta":"","header-below-stick-meta":"","astra-migrate-meta-layouts":"set","ast-page-background-enabled":"default","ast-page-background-meta":{"desktop":{"background-color":"","background-image":"","background-repeat":"repeat","background-position":"center center","background-size":"auto","background-attachment":"scroll","background-type":"","background-media":"","overlay-type":"","overlay-color":"","overlay-opacity":"","overlay-gradient":""},"tablet":{"background-color":"","background-image":"","background-repeat":"repeat","background-position":"center center","background-size":"auto","background-attachment":"scroll","background-type":"","background-media":"","overlay-type":"","overlay-color":"","overlay-opacity":"","overlay-gradient":""},"mobile":{"background-color":"","background-image":"","background-repeat":"repeat","background-position":"center center","background-size":"auto","background-attachment":"scroll","background-type":"","background-media":"","overlay-type":"","overlay-color":"","overlay-opacity":"","overlay-gradient":""}},"ast-content-background-meta":{"desktop":{"background-color":"var(--ast-global-color-5)","background-image":"","background-repeat":"repeat","background-position":"center center","background-size":"auto","background-attachment":"scroll","background-type":"","background-media":"","overlay-type":"","overlay-color":"","overlay-opacity":"","overlay-gradient":""},"tablet":{"background-color":"var(--ast-global-color-5)","background-image":"","background-repeat":"repeat","background-position":"center center","background-size":"auto","background-attachment":"scroll","background-type":"","background-media":"","overlay-type":"","overlay-color":"","overlay-opacity":"","overlay-gradient":""},"mobile":{"background-color":"var(--ast-global-color-5)","background-image":"","background-repeat":"repeat","background-position":"center center","background-size":"auto","background-attachment":"scroll","background-type":"","background-media":"","overlay-type":"","overlay-color":"","overlay-opacity":"","overlay-gradient":""}},"footnotes":""},"class_list":["post-1293","page","type-page","status-publish","hentry"],"_links":{"self":[{"href":"https:\/\/villamahor.com\/fr\/wp-json\/wp\/v2\/pages\/1293","targetHints":{"allow":["GET"]}}],"collection":[{"href":"https:\/\/villamahor.com\/fr\/wp-json\/wp\/v2\/pages"}],"about":[{"href":"https:\/\/villamahor.com\/fr\/wp-json\/wp\/v2\/types\/page"}],"author":[{"embeddable":true,"href":"https:\/\/villamahor.com\/fr\/wp-json\/wp\/v2\/users\/1"}],"replies":[{"embeddable":true,"href":"https:\/\/villamahor.com\/fr\/wp-json\/wp\/v2\/comments?post=1293"}],"version-history":[{"count":2,"href":"https:\/\/villamahor.com\/fr\/wp-json\/wp\/v2\/pages\/1293\/revisions"}],"predecessor-version":[{"id":1902,"href":"https:\/\/villamahor.com\/fr\/wp-json\/wp\/v2\/pages\/1293\/revisions\/1902"}],"wp:attachment":[{"href":"https:\/\/villamahor.com\/fr\/wp-json\/wp\/v2\/media?parent=1293"}],"curies":[{"name":"wp","href":"https:\/\/api.w.org\/{rel}","templated":true}]}}